{"id":4919,"date":"2012-07-01T22:05:00","date_gmt":"2012-07-01T20:05:00","guid":{"rendered":"https:\/\/www.plombiers-reunis.com\/v2\/reviews"},"modified":"2025-11-30T21:00:58","modified_gmt":"2025-11-30T20:00:58","slug":"le-metier-de-plombier-explique","status":"publish","type":"page","link":"https:\/\/plombiers-reunis.com\/v3\/le-metier-de-plombier-explique","title":{"rendered":"Le m\u00e9tier de plombier expliqu\u00e9"},"content":{"rendered":"\n<p>Vous envisagez de devenir plombier?&nbsp;Lisez cette page qui vous sera tr\u00e8s utile.<\/p>\n\n\n\n<p>Vous \u00eates jeune et vous d\u00e9sirez vous orienter vers le m\u00e9tier de plombier, cette formation est accessible en fin de 1er cycle des coll\u00e8ges de l&rsquo;enseignement secondaire.<\/p>\n\n\n\n<p>Vous avez d\u00e9j\u00e0 une formation et vous voulez vous reconvertir dans la plomberie? Cette page est pour vous. Lisez avant de vous d\u00e9cider.<\/p>\n\n\n\n<p>Le dipl\u00f4me de plombier, englobe g\u00e9n\u00e9ralement les m\u00e9tiers suivants:<\/p>\n\n\n\n<ul class=\"wp-block-list\">\n<li>Monteur en installations thermiques<\/li>\n\n\n\n<li>Monteur en plomberie chauffage<\/li>\n\n\n\n<li>Plombier chauffagiste<\/li>\n\n\n\n<li>Plombier sanitaire<\/li>\n\n\n\n<li>Ouvrier professionnel niveau II en installation thermique et sanitaire.<\/li>\n\n\n\n<li>Des sp\u00e9cialisations dans un m\u00e9tier sp\u00e9cifique peuvent aussi rentrer dans le m\u00e9tier de plombier.<\/li>\n<\/ul>\n\n\n\n<h2 class=\"wp-block-heading hrcolor\" id=\"profession\">La profession<\/h2>\n\n\n\n<p>L&rsquo;installateur en thermique et sanitaire r\u00e9alise des installations de chauffage central et de sanitaire. Les travaux qui lui sont confi\u00e9s concernent aussi bien des installations neuves, dans des immeubles neufs ou anciens, que la modification d&rsquo;installations existantes.<\/p>\n\n\n\n<p><strong>Il pr\u00e9pare, assemble, fixe et pose tous les \u00e9l\u00e9ments n\u00e9cessaires \u00e0 la mise en place:<\/strong><\/p>\n\n\n\n<ul class=\"wp-block-list\">\n<li>Des dispositifs de chauffage central, d&rsquo;un \u00e9quipement sanitaire.<\/li>\n\n\n\n<li>D&rsquo;une installation de production et de distribution d&rsquo;eau chaude sanitaire.<\/li>\n\n\n\n<li>De ventilation m\u00e9canique contr\u00f4l\u00e9e (VMC).<\/li>\n<\/ul>\n\n\n\n<p>Il effectue le raccordement, le r\u00e9glage et la mise en service de ces dispositifs. Il proc\u00e8de \u00e9galement aux r\u00e9parations \u00e9ventuelles de divers \u00e9l\u00e9ments d\u00e9fectueux. Dans tous les cas,\u00a0<strong>il applique les r\u00e8gles professionnelles et r\u00e9glementaires (gaz, \u00e9lectricit\u00e9&#8230;)<\/strong>. Lorsque le d\u00e9pannage \u00e0 r\u00e9aliser porte sur les appareils de production de chaleur (chaudi\u00e8re, chauffe-bain&#8230;),\u00a0<ins>il est souvent confi\u00e9 \u00e0 un sp\u00e9cialiste<\/ins>.<\/p>\n\n\n\n<h2 class=\"wp-block-heading hrcolor\" id=\"conditions\">Les conditions de travail :<\/h2>\n\n\n\n<p>L&rsquo;installateur en thermique et sanitaire travaille essentiellement, dans des locaux clos et couverts. Il exerce presque exclusivement sur chantier, o\u00f9 il intervient fr\u00e9quemment en m\u00eame temps que d&rsquo;autres corps de m\u00e9tiers (\u00e9lectriciens, ma\u00e7ons, pl\u00e2triers, peintres&#8230;). Il intervient parfois dans des locaux, en pr\u00e9sence des clients ou des occupants.<\/p>\n\n\n\n<p>L&rsquo;activit\u00e9 comporte des d\u00e9placements (changements fr\u00e9quents de chantier), les horaires sont en g\u00e9n\u00e9ral r\u00e9guliers, sauf dans les op\u00e9rations de d\u00e9pannage qui peuvent entra\u00eener des d\u00e9passements.<\/p>\n\n\n\n<p><strong>Sur les chantiers<\/strong>, il pourra \u00eatre amen\u00e9 \u00e0 travailler seul, en compl\u00e8te autonomie d&rsquo;ex\u00e9cution. Il travaillera le plus souvent \u00e0 partir de consignes verbales, accompagn\u00e9es de plans d\u00e9finissant les implantations des appareils et les diam\u00e8tres des tuyauteries.<\/p>\n\n\n\n<h2 class=\"wp-block-heading hrcolor\">Les qualit\u00e9s indispensables pour devenir plombier<\/h2>\n\n\n\n<ul class=\"wp-block-list\">\n<li>Facilit\u00e9 d\u2019adaptation, savoir s\u2019int\u00e9grer en client\u00e8le ou en \u00e9quipe de toutes origines ethniques.<\/li>\n\n\n\n<li>Avoir l&rsquo;esprit d&rsquo;analyse, \u00eatre capable de conseiller et d\u2019\u00e9couter, \u00eatre autonome.<\/li>\n\n\n\n<li>\u00catre organis\u00e9 et ponctuel \u00eatre m\u00e9thodique et aimer la rigueur.<\/li>\n\n\n\n<li>Avoir le permis de conduire et \u00eatre apte a se d\u00e9placer.<\/li>\n\n\n\n<li><ins>Apr\u00e8s la formation le plombier doit:<\/ins>\n<ul class=\"wp-block-list\">\n<li>Lecture et compr\u00e9hension des plans, sch\u00e9mas et notices techniques.<\/li>\n\n\n\n<li>Tracer les emplacements des appareils et le parcours des tuyauteries.<\/li>\n\n\n\n<li>la connaissance parfaite des m\u00e9canismes de la circulation des fluides.<\/li>\n\n\n\n<li>Fa\u00e7onner la tuyauterie et effectuer des soudures et des connexions (souvent sur plusieurs types de tubes.<\/li>\n\n\n\n<li>Assurer l\u2019\u00e9tanch\u00e9it\u00e9 des canalisations et v\u00e9rifier le bon fonctionnement des appareils ou installations.<\/li>\n\n\n\n<li>D\u00e9tecter les fuites et d\u00e9gorger les canalisations d\u2019\u00e9vacuations.<\/li>\n\n\n\n<li>Savoir faire face aux pannes de divers types.<\/li>\n\n\n\n<li>\u00catre capable de s&rsquo;organiser en fonction d&rsquo;autres corps de m\u00e9tiers lors des interventions communes.<\/li>\n\n\n\n<li>Conn\u00e2itre et appliquer les normes de s\u00e9curit\u00e9 et de conformit\u00e9.<\/li>\n<\/ul>\n<\/li>\n\n\n\n<li><ins>\u00c9volution possible dans ce m\u00e9tier:<\/ins>\n<ul class=\"wp-block-list\">\n<li>Chef de chantier.<\/li>\n\n\n\n<li>Contrema\u00eetre.<\/li>\n\n\n\n<li>Conducteur de travaux.<\/li>\n\n\n\n<li>Monteur en installation thermique.<\/li>\n\n\n\n<li>Plombier zingueur.<\/li>\n\n\n\n<li>Technicien de chantier en plomberie.<\/li>\n<\/ul>\n<\/li>\n\n\n\n<li><ins>Les inconv\u00e9nients du m\u00e9tier :<\/ins>\n<ul class=\"wp-block-list\">\n<li>Positions de travail souvent inconfortables.<\/li>\n\n\n\n<li>Travail tr\u00e8s salissants souvent au contact des \u00e9gouts.<\/li>\n\n\n\n<li>Manutention lourde et abondante.<\/li>\n\n\n\n<li>Interventions en de hors des horaires normaux.<\/li>\n\n\n\n<li>Interventions dans l&rsquo;urgence, ce qui emp\u00eache une bonne installation de l&rsquo;intervenant.<\/li>\n<\/ul>\n<\/li>\n<\/ul>\n\n\n\n<h3 class=\"wp-block-heading hrcolor\">Le salaire du plombier<\/h3>\n\n\n\n<p>Contrairement a ce qui pensent certaines personnes, les plombiers ne sont pas des m\u00e9decins, ils ne gagnent pas des salaires astronomiques, ils varient selon la capacit\u00e9 de chacun de la mani\u00e8re suivante.<\/p>\n\n\n\n<ul class=\"wp-block-list\">\n<li>Le salaire minimum d\u2019un plombier d\u00e9butant d\u00e9marre a hauteur du smic.<\/li>\n\n\n\n<li>Le salaire d&rsquo;un plombier de niveau moyen avoisine les 2300\u20ac\/mois net<\/li>\n\n\n\n<li>Le salaire d\u2019un ind\u00e9pendant peut varier en fonction des saisons, de l\u2019activit\u00e9 g\u00e9n\u00e9rale, des p\u00e9riodes de vacances, de la zone g\u00e9ographique ou de la concurrence. Ainsi, ils peuvent \u00e9voluer entre 0\u20ac et 4500 \u20ac par mois.<\/li>\n<\/ul>\n","protected":false},"excerpt":{"rendered":"<p>Vous envisagez de devenir plombier?&nbsp;Lisez cette page qui vous sera tr\u00e8s utile. Vous \u00eates jeune et vous d\u00e9sirez vous orienter vers le m\u00e9tier de plombier, cette formation est accessible en fin de 1er cycle des coll\u00e8ges de l&rsquo;enseignement secondaire. Vous avez d\u00e9j\u00e0 une formation et vous voulez vous reconvertir dans la plomberie? Cette page est &#8230; <a title=\"Le m\u00e9tier de plombier expliqu\u00e9\" class=\"read-more\" href=\"https:\/\/plombiers-reunis.com\/v3\/le-metier-de-plombier-explique\" aria-label=\"En savoir plus sur Le m\u00e9tier de plombier expliqu\u00e9\">Lire la suite<\/a><\/p>\n","protected":false},"author":1,"featured_media":0,"parent":0,"menu_order":0,"comment_status":"closed","ping_status":"closed","template":"","meta":{"_bbp_topic_count":0,"_bbp_reply_count":0,"_bbp_total_topic_count":0,"_bbp_total_reply_count":0,"_bbp_voice_count":0,"_bbp_anonymous_reply_count":0,"_bbp_topic_count_hidden":0,"_bbp_reply_count_hidden":0,"_bbp_forum_subforum_count":0,"footnotes":""},"class_list":["post-4919","page","type-page","status-publish"],"_links":{"self":[{"href":"https:\/\/plombiers-reunis.com\/v3\/wp-json\/wp\/v2\/pages\/4919","targetHints":{"allow":["GET"]}}],"collection":[{"href":"https:\/\/plombiers-reunis.com\/v3\/wp-json\/wp\/v2\/pages"}],"about":[{"href":"https:\/\/plombiers-reunis.com\/v3\/wp-json\/wp\/v2\/types\/page"}],"author":[{"embeddable":true,"href":"https:\/\/plombiers-reunis.com\/v3\/wp-json\/wp\/v2\/users\/1"}],"replies":[{"embeddable":true,"href":"https:\/\/plombiers-reunis.com\/v3\/wp-json\/wp\/v2\/comments?post=4919"}],"version-history":[{"count":0,"href":"https:\/\/plombiers-reunis.com\/v3\/wp-json\/wp\/v2\/pages\/4919\/revisions"}],"wp:attachment":[{"href":"https:\/\/plombiers-reunis.com\/v3\/wp-json\/wp\/v2\/media?parent=4919"}],"curies":[{"name":"wp","href":"https:\/\/api.w.org\/{rel}","templated":true}]}}