{"id":4493,"date":"2018-04-11T20:54:33","date_gmt":"2018-04-11T18:54:33","guid":{"rendered":"https:\/\/www.plombiers-reunis.com\/v2\/?page_id=4493"},"modified":"2025-11-16T19:03:25","modified_gmt":"2025-11-16T18:03:25","slug":"politique-de-privacite","status":"publish","type":"page","link":"https:\/\/plombiers-reunis.com\/v3\/politique-de-confidentialite\/politique-de-privacite","title":{"rendered":"Politique de privacit\u00e9"},"content":{"rendered":"\n<p>Voici notre politique de confidentialit\u00e9 qui s\u2019applique au pr\u00e9sent site internet dont l\u2019adresse est: <span style=\"text-decoration: underline;\">https:\/\/plombiers-reunis.com<\/span> et le cas \u00e9ch\u00e9ant a ses sous domaines.<\/p>\n\n\n\n<h2 class=\"wp-block-heading\">Politique TCF de l&rsquo;IAB Europe<\/h2>\n\n\n\n<p>Plombiers-reunis.com&nbsp;participe et est conforme \u00e0 l&rsquo;ensemble des Sp\u00e9cifications et Politiques du Transparency &amp; Consent Framework de l&rsquo;IAB Europe&nbsp;<i>. Plombiers-reunis.com <\/i>utilise la Consent Management Platform n\u00b092. <\/p>\n\n\n\n<h4 class=\"wp-block-heading hrcolor\">DONN\u00c9S PERSONNELLES INTERNES AU SITE<\/h4>\n\n\n\n<p class=\"has-background\" style=\"background-color:#b6ecd8\">Le pr\u00e9sent site internet, ne vends rien\u2026&nbsp; il n\u2019a besoin d\u2019aucune donn\u00e9&nbsp; personnelle concernant le visiteur,&nbsp; de ce fait il ne r\u00e9colte aucune donn\u00e9 permettant d\u2019identifier le visiteur. Mais utilise des cookies de session.<\/p>\n\n\n\n<p><strong>Dans l\u2019hypoth\u00e8se<\/strong>&nbsp;ou le visiteur poste un commentaire sur un contenu,&nbsp;&nbsp;les donn\u00e9es inscrites dans le formulaire de commentaire, mais aussi votre adresse IP et l\u2019agent utilisateur de votre navigateur sont collect\u00e9s et stock\u00e9s avec le commentaire pour nous aider \u00e0 la d\u00e9tection des commentaires ind\u00e9sirables et d\u2019\u00eatre en conformit\u00e9 avec la l\u00e9gislation en vigueur en mati\u00e8re de libert\u00e9 d\u2019\u00e9criture.<\/p>\n\n\n\n<p>Lors de l\u2019enregistrement du commentaire il est propos\u00e9 a l\u2019utilisateur, d\u2019enregistrer toutes ces donn\u00e9s dans un cookie sur votre terminal, c\u2019est uniquement pour votre confort afin de ne pas avoir \u00e0 saisir ces informations si vous d\u00e9posez un autre commentaire plus tard. Ces cookies expirent au bout d\u2019un an.<\/p>\n\n\n\n<p>Nous ne faisons aucune utilisation de ces donn\u00e9s, elles sont seulement stock\u00e9s pendant toute la dur\u00e9 de vie du commentaire post\u00e9, ceci afin d&rsquo;\u00eatre en conformit\u00e9 avec la loi.<\/p>\n\n\n\n<p class=\"has-background\" style=\"background-color:#f7caca\">Bien que ce site est dispens\u00e9 d&rsquo;enregistrement a la CNIL (<em>compte tenu qu&rsquo;aucune utilisation n&rsquo;est faite des donn\u00e9es collect\u00e9s<\/em>), une d\u00e9claration a tout de m\u00eame  \u00e9t\u00e9 faite sous le N\u00b0 1716991. <\/p>\n\n\n\n<h3 class=\"wp-block-heading\">ACTION CONTRE LES IND\u00c9SIRABLES<\/h3>\n\n\n\n<p>Nous utilisons des services tiers, pour luter contre les SPAMS, ces services r\u00e9colte des informations sur les visiteurs qui d\u00e9posent des commentaires sur ce site.<\/p>\n\n\n\n<ul class=\"wp-block-list\">\n<li>Les informations r\u00e9colt\u00e9s&nbsp; incluent g\u00e9n\u00e9ralement :<\/li>\n\n\n\n<li>l\u2019adresse IP des commentateurs<\/li>\n\n\n\n<li>l\u2019agent utilisateur<\/li>\n\n\n\n<li>le r\u00e9f\u00e9rent et l\u2019URL du site<\/li>\n\n\n\n<li>ainsi que d\u2019autres informations fournies directement par le commentateur comme leur nom, nom d\u2019utilisateur, adresse e-mail et leur commentaire.<\/li>\n<\/ul>\n\n\n\n<h2 class=\"wp-block-heading\">Service de proposition des devis gratuits<\/h2>\n\n\n\n<p>Nous utilisons un service tiers pour la proposition de devis, bien sur, on doit remplir un formulaire pour permettre la g\u00e9n\u00e9ration du devis, ces service r\u00e9colte et traite vos donn\u00e9s personnelles <a href=\"https:\/\/www.viteundevis.com\/societe\/confidentialite.php\">conform\u00e9ment a leur charte<\/a>, nous ne sommes en aucun cas responsables de ce service tiers.<\/p>\n\n\n\n<h4 class=\"wp-block-heading\">LES STATISTIQUES DU SITE ET PUBLICIT\u00c9<\/h4>\n\n\n\n<p>Les espaces publicitaires, son lou\u00e9s a des entreprises, tierces afin que celles-ci y diffusent de la publicit\u00e9, ces entreprises peuvent d\u00e9poser sur le terminal du visiteur un ou des cookies, ce qui permets d\u2019afficher des publicit\u00e9s en fonction de centres d\u2019int\u00e9r\u00eat du visiteur.<\/p>\n\n\n\n<p><span style=\"color: #ff0000;\"><strong>Ainsi vous avez aussi la possibilit\u00e9 de renoncer a visiter notre site.<\/strong><\/span><\/p>\n\n\n\n<p>Il existe d\u2019autres moyens pour supprimer et interdire les cookies d\u2019une mani\u00e8re g\u00e9n\u00e9rale,&nbsp; utiliser des logiciels ou alors reconfigurer son navigateur internet, dont voici la m\u00e9thode pour les deux navigateur les plus utilis\u00e9s.<\/p>\n\n\n\n<h5 class=\"wp-block-heading\">Pour Mozilla firefox<strong> :<\/strong><\/h5>\n\n\n\n<ul class=\"wp-block-list\">\n<li>Choisissez le menu \u00ab&nbsp;outil &nbsp;\u00bb puis \u00ab&nbsp;Options&nbsp;\u00bb<\/li>\n\n\n\n<li>Cliquez sur l\u2019ic\u00f4ne \u00ab&nbsp;vie priv\u00e9e&nbsp;\u00bb<\/li>\n\n\n\n<li>Rep\u00e9rez le menu \u00ab&nbsp;cookie&nbsp;\u00bb et s\u00e9lectionnez les options qui vous conviennent<\/li>\n<\/ul>\n\n\n\n<h5 class=\"wp-block-heading\">Pour Microsoft Internet Explorer :<\/h5>\n\n\n\n<ul class=\"wp-block-list\">\n<li>choisissez le menu \u00ab&nbsp;Outils&nbsp;\u00bb (ou \u00ab&nbsp;Tools&nbsp;\u00bb), puis \u00ab&nbsp;Options Internet&nbsp;\u00bb (ou \u00ab&nbsp;Internet Options&nbsp;\u00bb).<\/li>\n\n\n\n<li>cliquez sur l\u2019onglet \u00ab&nbsp;Confidentialit\u00e9&nbsp;\u00bb (ou \u00ab&nbsp;Confidentiality&nbsp;\u00bb)<\/li>\n\n\n\n<li>s\u00e9lectionnez le niveau souhait\u00e9 \u00e0 l\u2019aide du curseur.<\/li>\n<\/ul>\n\n\n\n<p>Pour les autres navigateurs reportez vous a son manuel d\u2019utilisateur\u2026<\/p>\n\n\n\n<pre class=\"wp-block-preformatted\">Derni\u00e8re mise a jour: Novembre 2025<\/pre>\n","protected":false},"excerpt":{"rendered":"<p>Voici notre politique de confidentialit\u00e9 qui s\u2019applique au pr\u00e9sent site internet dont l\u2019adresse est: https:\/\/plombiers-reunis.com et le cas \u00e9ch\u00e9ant a ses sous domaines. Politique TCF de l&rsquo;IAB Europe Plombiers-reunis.com&nbsp;participe et est conforme \u00e0 l&rsquo;ensemble des Sp\u00e9cifications et Politiques du Transparency &amp; Consent Framework de l&rsquo;IAB Europe&nbsp;. Plombiers-reunis.com utilise la Consent Management Platform n\u00b092. DONN\u00c9S PERSONNELLES &#8230; <a title=\"Politique de privacit\u00e9\" class=\"read-more\" href=\"https:\/\/plombiers-reunis.com\/v3\/politique-de-confidentialite\/politique-de-privacite\" aria-label=\"En savoir plus sur Politique de privacit\u00e9\">Lire la suite<\/a><\/p>\n","protected":false},"author":1,"featured_media":0,"parent":3,"menu_order":0,"comment_status":"closed","ping_status":"closed","template":"","meta":{"_bbp_topic_count":0,"_bbp_reply_count":0,"_bbp_total_topic_count":0,"_bbp_total_reply_count":0,"_bbp_voice_count":0,"_bbp_anonymous_reply_count":0,"_bbp_topic_count_hidden":0,"_bbp_reply_count_hidden":0,"_bbp_forum_subforum_count":0,"footnotes":""},"class_list":["post-4493","page","type-page","status-publish"],"_links":{"self":[{"href":"https:\/\/plombiers-reunis.com\/v3\/wp-json\/wp\/v2\/pages\/4493","targetHints":{"allow":["GET"]}}],"collection":[{"href":"https:\/\/plombiers-reunis.com\/v3\/wp-json\/wp\/v2\/pages"}],"about":[{"href":"https:\/\/plombiers-reunis.com\/v3\/wp-json\/wp\/v2\/types\/page"}],"author":[{"embeddable":true,"href":"https:\/\/plombiers-reunis.com\/v3\/wp-json\/wp\/v2\/users\/1"}],"replies":[{"embeddable":true,"href":"https:\/\/plombiers-reunis.com\/v3\/wp-json\/wp\/v2\/comments?post=4493"}],"version-history":[{"count":0,"href":"https:\/\/plombiers-reunis.com\/v3\/wp-json\/wp\/v2\/pages\/4493\/revisions"}],"up":[{"embeddable":true,"href":"https:\/\/plombiers-reunis.com\/v3\/wp-json\/wp\/v2\/pages\/3"}],"wp:attachment":[{"href":"https:\/\/plombiers-reunis.com\/v3\/wp-json\/wp\/v2\/media?parent=4493"}],"curies":[{"name":"wp","href":"https:\/\/api.w.org\/{rel}","templated":true}]}}