{"id":4491,"date":"2018-04-11T20:53:32","date_gmt":"2018-04-11T18:53:32","guid":{"rendered":"https:\/\/www.plombiers-reunis.com\/v2\/?page_id=4491"},"modified":"2018-04-11T20:53:32","modified_gmt":"2018-04-11T18:53:32","slug":"mentions-legales","status":"publish","type":"page","link":"https:\/\/plombiers-reunis.com\/v3\/mentions-legales","title":{"rendered":"Mentions l\u00e9gales"},"content":{"rendered":"<header>\n<h1><\/h1>\n<\/header>\n<section><strong>Mentions l\u00e9gales<\/strong><\/p>\n<ul>\n<li>Le pr\u00e9sent site est la propri\u00e9t\u00e9 de: Mr.Daniel Goncalves, E-mail:\u00a0<a href=\"mailto:webmaster@plombiers-reunis.com?subject=Contact%20sur%20le%20site%20plombiers-reunis.com\">webmaster[at]plombiers-reunis.com<\/a><\/li>\n<li>SIREN 788 650 372 \u00ab Dispens\u00e9 d\u2019immatriculation en application de l\u2019article L123-1-1 du Code de Commerce \u00bb<\/li>\n<li>Le site est dispens\u00e9 d&rsquo;enregistrement a la CNIL (<em>compte tenu qu&rsquo;aucune utilisation n&rsquo;est faite des donn\u00e9es collect\u00e9s<\/em>) . Toutefois une d\u00e9claration a \u00e9t\u00e9 faite sous le N\u00b0 1716991<\/li>\n<li>Le Responsable de la publication est: Mr Goncalves.<\/li>\n<li>L&rsquo;h\u00e9bergement du site est assur\u00e9 par OVH dont l&rsquo;adresse postale est:\n<ul>\n<li>SAS OVH<\/li>\n<li>2 rue Kellermann<\/li>\n<li>59100 Roubaix &#8211; France&#8230;<\/li>\n<\/ul>\n<\/li>\n<li>Consultez aussi:\u00a0<a href=\"https:\/\/plombiers-reunis.com\/v3\/conditions-dutilisation\">Les conditions g\u00e9n\u00e9rales d&rsquo;utilisation<\/a>,\u00a0Notre politique sur la privacit\u00e9\u00a0(donn\u00e9es personnelles).<\/li>\n<\/ul>\n<\/section>\n","protected":false},"excerpt":{"rendered":"<p>Mentions l\u00e9gales Le pr\u00e9sent site est la propri\u00e9t\u00e9 de: Mr.Daniel Goncalves, E-mail:\u00a0webmaster[at]plombiers-reunis.com SIREN 788 650 372 \u00ab Dispens\u00e9 d\u2019immatriculation en application de l\u2019article L123-1-1 du Code de Commerce \u00bb Le site est dispens\u00e9 d&rsquo;enregistrement a la CNIL (compte tenu qu&rsquo;aucune utilisation n&rsquo;est faite des donn\u00e9es collect\u00e9s) . Toutefois une d\u00e9claration a \u00e9t\u00e9 faite sous le &#8230; <a title=\"Mentions l\u00e9gales\" class=\"read-more\" href=\"https:\/\/plombiers-reunis.com\/v3\/mentions-legales\" aria-label=\"En savoir plus sur Mentions l\u00e9gales\">Lire la suite<\/a><\/p>\n","protected":false},"author":1,"featured_media":0,"parent":0,"menu_order":0,"comment_status":"closed","ping_status":"closed","template":"","meta":{"_bbp_topic_count":0,"_bbp_reply_count":0,"_bbp_total_topic_count":0,"_bbp_total_reply_count":0,"_bbp_voice_count":0,"_bbp_anonymous_reply_count":0,"_bbp_topic_count_hidden":0,"_bbp_reply_count_hidden":0,"_bbp_forum_subforum_count":0,"footnotes":""},"class_list":["post-4491","page","type-page","status-publish"],"_links":{"self":[{"href":"https:\/\/plombiers-reunis.com\/v3\/wp-json\/wp\/v2\/pages\/4491","targetHints":{"allow":["GET"]}}],"collection":[{"href":"https:\/\/plombiers-reunis.com\/v3\/wp-json\/wp\/v2\/pages"}],"about":[{"href":"https:\/\/plombiers-reunis.com\/v3\/wp-json\/wp\/v2\/types\/page"}],"author":[{"embeddable":true,"href":"https:\/\/plombiers-reunis.com\/v3\/wp-json\/wp\/v2\/users\/1"}],"replies":[{"embeddable":true,"href":"https:\/\/plombiers-reunis.com\/v3\/wp-json\/wp\/v2\/comments?post=4491"}],"version-history":[{"count":0,"href":"https:\/\/plombiers-reunis.com\/v3\/wp-json\/wp\/v2\/pages\/4491\/revisions"}],"wp:attachment":[{"href":"https:\/\/plombiers-reunis.com\/v3\/wp-json\/wp\/v2\/media?parent=4491"}],"curies":[{"name":"wp","href":"https:\/\/api.w.org\/{rel}","templated":true}]}}