{"id":16946,"date":"2017-07-02T22:07:42","date_gmt":"2017-07-02T20:07:42","guid":{"rendered":"https:\/\/www.plombiers-reunis.com\/v2\/?page_id=2"},"modified":"2017-07-02T22:07:42","modified_gmt":"2017-07-02T20:07:42","slug":"conditions-dutilisation","status":"publish","type":"page","link":"https:\/\/plombiers-reunis.com\/v3\/conditions-dutilisation","title":{"rendered":"Conditions d&rsquo;utilisation"},"content":{"rendered":"<h2>Voici une version simplifi\u00e9 des conditions d&rsquo;utilisation du site plombiers-r\u00e9unis.com.<\/h2>\n<p><span style=\"color: #ff0000;\">Le termes utilis\u00e9s.<\/span><\/p>\n<ul>\n<li><strong>Visiteur ou Membre:\u00a0 <\/strong>D\u00e9signe\u00a0toute personne qui visite le site, qu&rsquo;il utilise le contenu du site ou pas.<\/li>\n<li><strong>Membre :<\/strong>\u00a0D\u00e9signe un utilisateur identifi\u00e9 sur le site.\n<ul>\n<li><strong>Identifiant :<\/strong>\u00a0<u>Est le nom d&rsquo;utilisateur qu&rsquo;un visiteur utilise pour s&rsquo;identifier sur le site.<\/u><\/li>\n<li><strong>Mot de passe :<\/strong>\u00a0Est une s\u00e9rie de chiffres ou lettres utilis\u00e9 commun\u00e9ment avec l&rsquo;identifiant, permettant de s&rsquo;identifier sur le site. Le mot de passe est secret et crypt\u00e9 dans la base de donn\u00e9s, nous n&rsquo;y avons pas acc\u00e8s.<\/li>\n<\/ul>\n<\/li>\n<li><strong>Contenu :<\/strong>\u00a0D\u00e9signe\u00a0 toutes les donn\u00e9es contenues dans l&rsquo;ensemble du site y compris le donn\u00e9s transmises par n&rsquo;importe quel visiteur ou membre, sur le serveur: textes, images, vid\u00e9os, liens ou toute sorte de fichiers.<\/li>\n<li><strong>Serveur, site, h\u00e9bergement ou service:<\/strong>\u00a0 Est la technologie utilis\u00e9 permettant le fonctionnement du site www.plombiers-r\u00e9unis.com<\/li>\n<\/ul>\n<p><u>Il est important de signaler que tout contenu \u00ab\u00a0texte, images, vid\u00e9os, etc&#8230; envoy\u00e9 sur le serveur, est imm\u00e9diatement publi\u00e9 sous\u00a0<a href=\"http:\/\/creativecommons.org\/licenses\/by-sa\/3.0\/fr\/\">license cr\u00e9ative commons<\/a>\u00a0pour une dur\u00e9e ind\u00e9termin\u00e9.<\/u><\/p>\n<p>Dans le cas o\u00f9 l&rsquo;Utilisateur ne souhaite pas accepter tout ou partie des pr\u00e9sentes conditions g\u00e9n\u00e9rales, il lui est demand\u00e9 de renoncer \u00e0 tout usage du site.<\/p>\n<h2><strong>Contenu de ce contrat et dur\u00e9<\/strong><\/h2>\n<p>Le pr\u00e9sent contrat est conclu pour une dur\u00e9e ind\u00e9termin\u00e9e \u00e0 compter de la premi\u00e8re utilisation du Service par l&rsquo;Utilisateur.<\/p>\n<p>Plombiers r\u00e9unis se r\u00e9serve le droit de modifier les termes, conditions et mentions du pr\u00e9sent contrat \u00e0 tout moment et sans aucun pr\u00e9-avis.<\/p>\n<p>Il est ainsi conseill\u00e9 \u00e0 l&rsquo;Utilisateur de consulter r\u00e9guli\u00e8rement la derni\u00e8re version des pr\u00e9sentes conditions.<\/p>\n<h2><strong>Responsabilit\u00e9 des intervenants<\/strong><\/h2>\n<p>Nous vous rappelons que votre responsabilit\u00e9 d&rsquo;auteur est engag\u00e9e lorsque vous utilisez ce forum pour publier des informations.<\/p>\n<ul>\n<li>N&rsquo;oubliez pas de vue que les messages que vous publiez sur les chats ou les forums sont redistribu\u00e9s \u00e0 un grand nombre d&rsquo;usagers.<\/li>\n<li>Vous vous engagez a ne pas poster des messages a caract\u00e8re, raciste, publicitaire, incitant a la haine racial ou a la r\u00e9volte.<\/li>\n<li>Tous les massages sont mod\u00e9r\u00e9s a post\u00e9riori, tout message ne respectant pas ce r\u00e8gles en totalit\u00e9 ou en partie sera \u00e9dit\u00e9 voir supprim\u00e9, aussit\u00f4t que possible.<\/li>\n<li>N&rsquo;oubliez pas que nous avons la possibilit\u00e9 de supprimer en quelques clics de souris, un ou plusieurs messages et d&rsquo;interdire l\u2019acc\u00e8s de son auteur a une partie ou la totalit\u00e9 du site.<\/li>\n<\/ul>\n<h2><strong>Les liens et autres contenus utilisateur<\/strong><\/h2>\n<ul>\n<li><strong>Les liens<\/strong>\u00a0vers d&rsquo;autres sites sont autoris\u00e9s d&rsquo;une mani\u00e8re g\u00e9n\u00e9rale, dans le cadre d&rsquo;une conversation, ou un lien dans la signature de l&rsquo;utilisateur, (la signature peut \u00eatre g\u00e9r\u00e9 depuis la page de profile), tous les textes a caract\u00e8re commercial seront \u00e9dit\u00e9s voir supprim\u00e9s sans pr\u00e9avis.<\/li>\n<li><strong>Les fichiers joints<\/strong>. L&rsquo;utilisateur reste le seul responsable des fichiers qu&rsquo;il envoi sur le serveur, et d\u00e9clare en \u00eatre le possesseur l\u00e9gal des fichiers qu&rsquo;il envois en vue d\u2019\u00eatre h\u00e9berg\u00e9s.<br \/>\nD&rsquo;autre part l&rsquo;utilisateur accepte sans r\u00e9serve que tout contenu \u00ab\u00a0texte, images, vid\u00e9os, etc&#8230; envoy\u00e9 sur le service est imm\u00e9diatement publi\u00e9 sous\u00a0<a href=\"http:\/\/creativecommons.org\/licenses\/by-sa\/3.0\/fr\/\">licence cr\u00e9ative commons<\/a>\u00a0pour une dur\u00e9e ind\u00e9termin\u00e9.<br \/>\nToutefois les fichiers multim\u00e9dia peuvent \u00eatre supprim\u00e9s, pour exercer ce droit il suffit de\u00a0<a href=\"mailto:webmaster@plombiers-reunis.com?subject=Demande%20de%20suppression%20de%20fichier\">contacter le webmaster<\/a>\u00a0 et de fournir L&rsquo;URL du fichier afin de pouvoir le localiser.<\/li>\n<li>Des images pr\u00e9sentes sur d&rsquo;autres sites distants peuvent \u00eatre pr\u00e9sent\u00e9s sur notre serveur, compte tenue de la libert\u00e9 d&rsquo;utilisation de notre service.<\/li>\n<li>Nous, nous r\u00e9servons le droit de supprimer toute image pr\u00e9sente sur notre serveur a la demande de sont propri\u00e9taire, pour cela il suffit de nous contacter via \u00ab\u00a0webmaster[at]plombiers-reunis.com] et de poster le lien de l&rsquo;image concern\u00e9<strong>.<\/strong><\/li>\n<\/ul>\n<h2>Le contenu du site&#8230;<\/h2>\n<p><strong style=\"font-family: 'Source Sans Pro', 'Helvetica Neue', Helvetica, Arial, sans-serif; font-size: 20px; font-style: normal;\">Notre responsabilit\u00e9&#8230;\u00a0<\/strong><span style=\"font-family: 'Source Sans Pro', 'Helvetica Neue', Helvetica, Arial, sans-serif; font-size: 20px; font-style: normal; font-weight: 400;\">Les informations contenues sur notre site, sont fournies \u00ab\u00a0<\/span><strong style=\"font-family: 'Source Sans Pro', 'Helvetica Neue', Helvetica, Arial, sans-serif; font-size: 20px; font-style: normal;\">telles quelles<\/strong><span style=\"font-family: 'Source Sans Pro', 'Helvetica Neue', Helvetica, Arial, sans-serif; font-size: 20px; font-style: normal; font-weight: 400;\">\u00a0\u00bb\u00a0<\/span><ins style=\"font-family: 'Source Sans Pro', 'Helvetica Neue', Helvetica, Arial, sans-serif; font-size: 20px; font-style: normal; font-weight: 400;\">sans aucune garantie, repr\u00e9sentation ou assurance d&rsquo;aucune sorte, exprim\u00e9e ou implicite.<\/ins><\/p>\n<p>Le contenu de ce site n&rsquo;as pas de vocation a remplacer les normes actuelles ou DTU respectifs. Le contenu est bas\u00e9 sur des pratiques courantes ou sur d&rsquo;exp\u00e9riences personnelles de l&rsquo;auteur du contenu.<\/p>\n<p><strong>Seul l&rsquo;utilisateur est responsable de l&rsquo;utilisation qu&rsquo;il(elle) en fait des informations recueillies sur ce site, l&rsquo;ensemble du contenu reste informatif.<\/strong><\/p>\n<p>De plus, nous ne pourrions \u00eatre tenus pour responsables d&rsquo;une utilisation quelconque faite \u00e0 partir des informations recueillies sur ce site.<\/p>\n<p><strong>Vous reconnaissez que vous utilisez ces informations \u00e0 vos risques et p\u00e9rils.<\/strong><\/p>\n","protected":false},"excerpt":{"rendered":"<p>Voici une version simplifi\u00e9 des conditions d&rsquo;utilisation du site plombiers-r\u00e9unis.com. Le termes utilis\u00e9s. Visiteur ou Membre:\u00a0 D\u00e9signe\u00a0toute personne qui visite le site, qu&rsquo;il utilise le contenu du site ou pas. Membre :\u00a0D\u00e9signe un utilisateur identifi\u00e9 sur le site. Identifiant :\u00a0Est le nom d&rsquo;utilisateur qu&rsquo;un visiteur utilise pour s&rsquo;identifier sur le site. Mot de passe :\u00a0Est &#8230; <a title=\"Conditions d&rsquo;utilisation\" class=\"read-more\" href=\"https:\/\/plombiers-reunis.com\/v3\/conditions-dutilisation\" aria-label=\"En savoir plus sur Conditions d&rsquo;utilisation\">Lire la suite<\/a><\/p>\n","protected":false},"author":1,"featured_media":0,"parent":0,"menu_order":0,"comment_status":"closed","ping_status":"open","template":"","meta":{"_bbp_topic_count":0,"_bbp_reply_count":0,"_bbp_total_topic_count":0,"_bbp_total_reply_count":0,"_bbp_voice_count":0,"_bbp_anonymous_reply_count":0,"_bbp_topic_count_hidden":0,"_bbp_reply_count_hidden":0,"_bbp_forum_subforum_count":0,"footnotes":""},"class_list":["post-16946","page","type-page","status-publish"],"_links":{"self":[{"href":"https:\/\/plombiers-reunis.com\/v3\/wp-json\/wp\/v2\/pages\/16946","targetHints":{"allow":["GET"]}}],"collection":[{"href":"https:\/\/plombiers-reunis.com\/v3\/wp-json\/wp\/v2\/pages"}],"about":[{"href":"https:\/\/plombiers-reunis.com\/v3\/wp-json\/wp\/v2\/types\/page"}],"author":[{"embeddable":true,"href":"https:\/\/plombiers-reunis.com\/v3\/wp-json\/wp\/v2\/users\/1"}],"replies":[{"embeddable":true,"href":"https:\/\/plombiers-reunis.com\/v3\/wp-json\/wp\/v2\/comments?post=16946"}],"version-history":[{"count":0,"href":"https:\/\/plombiers-reunis.com\/v3\/wp-json\/wp\/v2\/pages\/16946\/revisions"}],"wp:attachment":[{"href":"https:\/\/plombiers-reunis.com\/v3\/wp-json\/wp\/v2\/media?parent=16946"}],"curies":[{"name":"wp","href":"https:\/\/api.w.org\/{rel}","templated":true}]}}